{"id":3272,"date":"2024-07-16T16:32:58","date_gmt":"2024-07-16T14:32:58","guid":{"rendered":"https:\/\/onestreet.fr\/?post_type=product&#038;p=3272"},"modified":"2024-07-16T16:32:59","modified_gmt":"2024-07-16T14:32:59","slug":"seo-expertise","status":"publish","type":"product","link":"https:\/\/onestreet.fr\/index.php\/produit\/seo-expertise\/","title":{"rendered":"SEO expertise"},"content":{"rendered":"<p>Je vais \u00e9tudier, analyser et am\u00e9liorer votre SEO afin de travailler sur l&rsquo;am\u00e9lioration du classement de votre site sur Google.<\/p>\n","protected":false},"excerpt":{"rendered":"<p>Je vais \u00e9tudier, analyser et am\u00e9liorer votre SEO afin de travailler sur l&rsquo;am\u00e9lioration du classement de votre site sur Google.<\/p>\n","protected":false},"featured_media":3073,"comment_status":"open","ping_status":"closed","template":"","meta":{"_et_pb_use_builder":"","_et_pb_old_content":"","_et_gb_content_width":"","spay_email":""},"_links":{"self":[{"href":"https:\/\/onestreet.fr\/index.php\/wp-json\/wp\/v2\/product\/3272"}],"collection":[{"href":"https:\/\/onestreet.fr\/index.php\/wp-json\/wp\/v2\/product"}],"about":[{"href":"https:\/\/onestreet.fr\/index.php\/wp-json\/wp\/v2\/types\/product"}],"replies":[{"embeddable":true,"href":"https:\/\/onestreet.fr\/index.php\/wp-json\/wp\/v2\/comments?post=3272"}],"wp:featuredmedia":[{"embeddable":true,"href":"https:\/\/onestreet.fr\/index.php\/wp-json\/wp\/v2\/media\/3073"}],"wp:attachment":[{"href":"https:\/\/onestreet.fr\/index.php\/wp-json\/wp\/v2\/media?parent=3272"}],"curies":[{"name":"wp","href":"https:\/\/api.w.org\/{rel}","templated":true}]}}