{"id":3190,"date":"2022-03-26T20:08:14","date_gmt":"2022-03-26T19:08:14","guid":{"rendered":"https:\/\/onestreet.fr\/?post_type=product&#038;p=3190"},"modified":"2022-03-26T20:08:15","modified_gmt":"2022-03-26T19:08:15","slug":"je-vais-monter-filtrer-et-sequencer-des-videos-youtube-ou-twitch","status":"publish","type":"product","link":"https:\/\/onestreet.fr\/index.php\/produit\/je-vais-monter-filtrer-et-sequencer-des-videos-youtube-ou-twitch\/","title":{"rendered":"Je vais monter, filtrer et s\u00e9quencer des videos Youtube ou Twitch"},"content":{"rendered":"","protected":false},"excerpt":{"rendered":"<p><b class=\"delivery\">3 jours de livraison <\/b><b class=\"revisions\">1 R\u00e9vision<\/b><\/p>\n<ul class=\"features\">\n<li class=\"feature included\">Jusqu\u2019\u00e0 360 minutes d\u2019images fournies<\/li>\n<li class=\"feature included\">Jusqu\u2019\u00e0 13 minutes de dur\u00e9e mont\u00e9e<\/li>\n<li class=\"feature included\">\u00c9talonnage<\/li>\n<li class=\"feature included\">Sound Design &amp; Mixage<\/li>\n<li class=\"feature included\">Motion Graphics<\/li>\n<li class=\"feature included\">Sous titres<\/li>\n<\/ul>\n","protected":false},"featured_media":3191,"comment_status":"open","ping_status":"closed","template":"","meta":{"_et_pb_use_builder":"","_et_pb_old_content":"","_et_gb_content_width":"","spay_email":""},"_links":{"self":[{"href":"https:\/\/onestreet.fr\/index.php\/wp-json\/wp\/v2\/product\/3190"}],"collection":[{"href":"https:\/\/onestreet.fr\/index.php\/wp-json\/wp\/v2\/product"}],"about":[{"href":"https:\/\/onestreet.fr\/index.php\/wp-json\/wp\/v2\/types\/product"}],"replies":[{"embeddable":true,"href":"https:\/\/onestreet.fr\/index.php\/wp-json\/wp\/v2\/comments?post=3190"}],"wp:featuredmedia":[{"embeddable":true,"href":"https:\/\/onestreet.fr\/index.php\/wp-json\/wp\/v2\/media\/3191"}],"wp:attachment":[{"href":"https:\/\/onestreet.fr\/index.php\/wp-json\/wp\/v2\/media?parent=3190"}],"curies":[{"name":"wp","href":"https:\/\/api.w.org\/{rel}","templated":true}]}}