{"id":3179,"date":"2022-03-26T19:39:52","date_gmt":"2022-03-26T18:39:52","guid":{"rendered":"https:\/\/onestreet.fr\/?post_type=product&#038;p=3179"},"modified":"2024-07-02T17:17:42","modified_gmt":"2024-07-02T15:17:42","slug":"prestation-simple","status":"publish","type":"product","link":"https:\/\/onestreet.fr\/index.php\/produit\/prestation-simple\/","title":{"rendered":"Prestation Simple"},"content":{"rendered":"","protected":false},"excerpt":{"rendered":"<p>Selon les besoins, je cr\u00e9e un site \u00e0 votre image : les bases seront la, et votre site pr\u00eat \u00e0 commencer.<\/p>\n<p>Installation de Wordpress<br \/>\nCr\u00e9ation des diff\u00e9rentes pages (Accueil, produits, Panier, CGV..)<br \/>\nAm\u00e9nagement de la page d&rsquo;accueil standard (titres et Slogan, colorim\u00e9trie, agencement)<br \/>\nInstallation d&rsquo;un th\u00e8me adapt\u00e9 \u00e0 votre activit\u00e9 (Avada, Bridge, th\u00e8mes standards) DIVI en option<br \/>\nCr\u00e9ation d&rsquo;acc\u00e8s personnalis\u00e9s.<\/p>\n<p>D&rsquo;autres actions disponibles sur options.<\/p>\n","protected":false},"featured_media":3103,"comment_status":"open","ping_status":"closed","template":"","meta":{"_et_pb_use_builder":"","_et_pb_old_content":"","_et_gb_content_width":"","spay_email":""},"_links":{"self":[{"href":"https:\/\/onestreet.fr\/index.php\/wp-json\/wp\/v2\/product\/3179"}],"collection":[{"href":"https:\/\/onestreet.fr\/index.php\/wp-json\/wp\/v2\/product"}],"about":[{"href":"https:\/\/onestreet.fr\/index.php\/wp-json\/wp\/v2\/types\/product"}],"replies":[{"embeddable":true,"href":"https:\/\/onestreet.fr\/index.php\/wp-json\/wp\/v2\/comments?post=3179"}],"wp:featuredmedia":[{"embeddable":true,"href":"https:\/\/onestreet.fr\/index.php\/wp-json\/wp\/v2\/media\/3103"}],"wp:attachment":[{"href":"https:\/\/onestreet.fr\/index.php\/wp-json\/wp\/v2\/media?parent=3179"}],"curies":[{"name":"wp","href":"https:\/\/api.w.org\/{rel}","templated":true}]}}