{"id":3177,"date":"2022-03-26T19:35:25","date_gmt":"2022-03-26T18:35:25","guid":{"rendered":"https:\/\/onestreet.fr\/?post_type=product&#038;p=3177"},"modified":"2025-04-13T05:40:37","modified_gmt":"2025-04-13T03:40:37","slug":"creation-site-web-complet","status":"publish","type":"product","link":"https:\/\/onestreet.fr\/index.php\/produit\/creation-site-web-complet\/","title":{"rendered":"Cr\u00e9ation Site WEB Complet"},"content":{"rendered":"","protected":false},"excerpt":{"rendered":"<h3>EXEMPLES DE PRESTATIONS<\/h3>\n<p>Voici quelques prestations fonctionnelles et techniques propos\u00e9es par \u00ab\u00a0OneStreet.fr\u00a0\u00bb pour la cr\u00e9ation de Site WEB :<\/p>\n<ul>\n<li>Mise en place de boutique en ligne (e-commerce)<\/li>\n<li>R\u00e9alisation de newsletter personnalis\u00e9e<\/li>\n<li>Mise en place de galerie d&rsquo;images<\/li>\n<li>R\u00e9alisation de formulaire ou questionnaire<\/li>\n<li>Gestion des actualit\u00e9s, \u00e9v\u00e8nements, agenda<\/li>\n<li>Cr\u00e9ation de blog<\/li>\n<li>Responsive design (adaptation de votre site \u00e0 toute taille d&rsquo;\u00e9cran)<\/li>\n<li>Installation et gestion des r\u00e9seaux sociaux<\/li>\n<li>Mise en place de g\u00e9olocalisation<\/li>\n<li>Illustration sonore (enregistrement et cr\u00e9ation)<\/li>\n<\/ul>\n<p>Voici quelques prestations d&rsquo;accompagnement propos\u00e9es par \u00ab\u00a0OneStreet.fr\u00a0\u00bb :<\/p>\n<ul class=\"sousMenu\">\n<li>Mise en place de boutique en ligne (e-commerce)<\/li>\n<li>Accompagnement \u00e0 la r\u00e9daction de cahier des charges<\/li>\n<li>Etude de strat\u00e9gie pour le r\u00e9f\u00e9rencement et la visibilit\u00e9 de votre site<\/li>\n<\/ul>\n<p>Je m&rsquo;adapte aux diff\u00e9rents besoins techniques des clients. Mes sites sont pour la plupart faits sur mesure permettant une \u00e9volution et une adaptation constante au fil du temps.<\/p>\n","protected":false},"featured_media":3064,"comment_status":"open","ping_status":"closed","template":"","meta":{"_et_pb_use_builder":"","_et_pb_old_content":"","_et_gb_content_width":"","spay_email":""},"_links":{"self":[{"href":"https:\/\/onestreet.fr\/index.php\/wp-json\/wp\/v2\/product\/3177"}],"collection":[{"href":"https:\/\/onestreet.fr\/index.php\/wp-json\/wp\/v2\/product"}],"about":[{"href":"https:\/\/onestreet.fr\/index.php\/wp-json\/wp\/v2\/types\/product"}],"replies":[{"embeddable":true,"href":"https:\/\/onestreet.fr\/index.php\/wp-json\/wp\/v2\/comments?post=3177"}],"wp:featuredmedia":[{"embeddable":true,"href":"https:\/\/onestreet.fr\/index.php\/wp-json\/wp\/v2\/media\/3064"}],"wp:attachment":[{"href":"https:\/\/onestreet.fr\/index.php\/wp-json\/wp\/v2\/media?parent=3177"}],"curies":[{"name":"wp","href":"https:\/\/api.w.org\/{rel}","templated":true}]}}