{"id":12,"date":"2021-03-15T22:50:07","date_gmt":"2021-03-15T21:50:07","guid":{"rendered":"http:\/\/onestreet.fr\/index.php\/produit\/album\/"},"modified":"2024-07-08T11:49:07","modified_gmt":"2024-07-08T09:49:07","slug":"album","status":"publish","type":"product","link":"https:\/\/onestreet.fr\/index.php\/produit\/album\/","title":{"rendered":"Offre Classique"},"content":{"rendered":"<p>[et_pb_section fb_built=\u00a0\u00bb1&Prime; _builder_version=\u00a0\u00bb3.22&Prime; custom_padding=\u00a0\u00bb0px||||false|false\u00a0\u00bb][et_pb_row _builder_version=\u00a0\u00bb3.25&Prime; background_size=\u00a0\u00bbinitial\u00a0\u00bb background_position=\u00a0\u00bbtop_left\u00a0\u00bb background_repeat=\u00a0\u00bbrepeat\u00a0\u00bb width=\u00a0\u00bb100%\u00a0\u00bb custom_padding=\u00a0\u00bb0px||0px||false|false\u00a0\u00bb][et_pb_column type=\u00a0\u00bb4_4&Prime; _builder_version=\u00a0\u00bb3.25&Prime; custom_padding=\u00a0\u00bb|||\u00a0\u00bb custom_padding__hover=\u00a0\u00bb|||\u00a0\u00bb][et_pb_wc_breadcrumb _builder_version=\u00a0\u00bb3.0.47&Prime;][\/et_pb_wc_breadcrumb][\/et_pb_column][\/et_pb_row][et_pb_row column_structure=\u00a0\u00bb1_2,1_2&Prime; _builder_version=\u00a0\u00bb3.25&Prime; background_size=\u00a0\u00bbinitial\u00a0\u00bb background_position=\u00a0\u00bbtop_left\u00a0\u00bb background_repeat=\u00a0\u00bbrepeat\u00a0\u00bb width=\u00a0\u00bb100%\u00a0\u00bb custom_padding=\u00a0\u00bb0px||||false|false\u00a0\u00bb][et_pb_column type=\u00a0\u00bb1_2&Prime; _builder_version=\u00a0\u00bb3.25&Prime; custom_padding=\u00a0\u00bb|||\u00a0\u00bb custom_padding__hover=\u00a0\u00bb|||\u00a0\u00bb][et_pb_wc_images _builder_version=\u00a0\u00bb3.0.47&Prime;][\/et_pb_wc_images][\/et_pb_column][et_pb_column type=\u00a0\u00bb1_2&Prime; _builder_version=\u00a0\u00bb3.25&Prime; custom_padding=\u00a0\u00bb|||\u00a0\u00bb custom_padding__hover=\u00a0\u00bb|||\u00a0\u00bb][et_pb_wc_title _builder_version=\u00a0\u00bb3.0.47&Prime;][\/et_pb_wc_title][et_pb_wc_rating _builder_version=\u00a0\u00bb3.0.47&Prime;][\/et_pb_wc_rating][et_pb_wc_price _builder_version=\u00a0\u00bb3.0.47&Prime;][\/et_pb_wc_price][et_pb_code _builder_version=\u00a0\u00bb4.7.7&Prime; _module_preset=\u00a0\u00bbdefault\u00a0\u00bb hover_enabled=\u00a0\u00bb0&Prime; sticky_enabled=\u00a0\u00bb0&Prime;]<a href=\"https:\/\/transactions.sendowl.com\/products\/78463721\/6975E6BA\/purchase\" rel=\"nofollow\"><img src=\"https:\/\/i0.wp.com\/onestreet.fr\/wp-content\/uploads\/2021\/03\/bouton-acheter.png?w=1080&#038;ssl=1\" data-recalc-dims=\"1\" \/><\/a><script type=\"text\/javascript\" src=\"https:\/\/transactions.sendowl.com\/assets\/sendowl.js\" ><\/script>[\/et_pb_code][et_pb_wc_description _builder_version=\u00a0\u00bb4.7.7&Prime; hover_enabled=\u00a0\u00bb0&Prime; disabled_on=\u00a0\u00bbon|on|on\u00a0\u00bb disabled=\u00a0\u00bbon\u00a0\u00bb sticky_enabled=\u00a0\u00bb0&Prime;][\/et_pb_wc_description][et_pb_wc_meta _builder_version=\u00a0\u00bb3.0.47&Prime;][\/et_pb_wc_meta][\/et_pb_column][\/et_pb_row][et_pb_row _builder_version=\u00a0\u00bb3.25&Prime; background_size=\u00a0\u00bbinitial\u00a0\u00bb background_position=\u00a0\u00bbtop_left\u00a0\u00bb background_repeat=\u00a0\u00bbrepeat\u00a0\u00bb width=\u00a0\u00bb100%\u00a0\u00bb][et_pb_column type=\u00a0\u00bb4_4&Prime; _builder_version=\u00a0\u00bb3.25&Prime; custom_padding=\u00a0\u00bb|||\u00a0\u00bb custom_padding__hover=\u00a0\u00bb|||\u00a0\u00bb][et_pb_wc_tabs _builder_version=\u00a0\u00bb3.0.47&Prime;]\t\t\t\t\t[\/et_pb_wc_tabs][et_pb_wc_upsells columns_number=\u00a0\u00bb3&Prime; _builder_version=\u00a0\u00bb3.0.47&Prime;][\/et_pb_wc_upsells][et_pb_wc_related_products columns_number=\u00a0\u00bb3&Prime; disabled_on=\u00a0\u00bbon|on|on\u00a0\u00bb _builder_version=\u00a0\u00bb4.7.7&Prime; disabled=\u00a0\u00bbon\u00a0\u00bb][\/et_pb_wc_related_products][\/et_pb_column][\/et_pb_row][\/et_pb_section]<\/p>\n","protected":false},"excerpt":{"rendered":"<p>[fusion_code]PGEgaHJlZj0iaHR0cHM6Ly90cmFuc2FjdGlvbnMuc2VuZG93bC5jb20vcHJvZHVjdHMvNzg0NjM3MTcvODlGNjFEQzMvcHVyY2hhc2UiIHJlbD0ibm9mb2xsb3ciPjxpbWcgc3JjPSJodHRwczovL29uZXN0cmVldC5mci93cC1jb250ZW50L3VwbG9hZHMvMjAyMS8wMy9ib3V0b24tYWNoZXRlci5wbmciIC8+PC9hPjxzY3JpcHQgdHlwZT0idGV4dC9qYXZhc2NyaXB0IiBzcmM9Imh0dHBzOi8vdHJhbnNhY3Rpb25zLnNlbmRvd2wuY29tL2Fzc2V0cy9zZW5kb3dsLmpzIiA+PC9zY3JpcHQ+[\/fusion_code]<\/p>\n<p>&nbsp;<\/p>\n<p>Commandez votre offre Classique, et obtenez :<\/p>\n<ul>\n<li>Une assistance \u00e0 tout moment<\/li>\n<li>Aide au param\u00e9trage<\/li>\n<li>Conseil sur les choix<\/li>\n<li>Assistance d\u00e9pannage en cas de bug<\/li>\n<\/ul>\n<p class=\"p1\">\n","protected":false},"featured_media":13,"comment_status":"open","ping_status":"closed","template":"","meta":{"_et_pb_use_builder":"on","_et_pb_old_content":"Selon les besoins, je cr\u00e9e un site \u00e0 votre image : les bases seront la, et votre site pr\u00eat \u00e0 commencer.\r\n\r\nInstallation de Wordpress\r\nCr\u00e9ation des diff\u00e9rentes pages (Accueil, produits, Panier, CGV..)\r\nAm\u00e9nagement de la page d'accueil standard (titres et Slogan, colorim\u00e9trie, agencement)\r\nInstallation d'un th\u00e8me adapt\u00e9 \u00e0 votre activit\u00e9 (Avada, Bridge, th\u00e8mes standards) DIVI en option\r\nCr\u00e9ation d'acc\u00e8s personnalis\u00e9s.\r\n\r\nD'autres actions disponibles sur options.\r\n\r\n&nbsp;","_et_gb_content_width":"","spay_email":""},"_links":{"self":[{"href":"https:\/\/onestreet.fr\/index.php\/wp-json\/wp\/v2\/product\/12"}],"collection":[{"href":"https:\/\/onestreet.fr\/index.php\/wp-json\/wp\/v2\/product"}],"about":[{"href":"https:\/\/onestreet.fr\/index.php\/wp-json\/wp\/v2\/types\/product"}],"replies":[{"embeddable":true,"href":"https:\/\/onestreet.fr\/index.php\/wp-json\/wp\/v2\/comments?post=12"}],"wp:featuredmedia":[{"embeddable":true,"href":"https:\/\/onestreet.fr\/index.php\/wp-json\/wp\/v2\/media\/13"}],"wp:attachment":[{"href":"https:\/\/onestreet.fr\/index.php\/wp-json\/wp\/v2\/media?parent=12"}],"curies":[{"name":"wp","href":"https:\/\/api.w.org\/{rel}","templated":true}]}}