{"id":3,"date":"2021-03-15T14:48:28","date_gmt":"2021-03-15T13:48:28","guid":{"rendered":"http:\/\/onestreet.fr\/?page_id=3"},"modified":"2023-03-07T19:50:29","modified_gmt":"2023-03-07T18:50:29","slug":"politique-de-confidentialite","status":"publish","type":"page","link":"https:\/\/onestreet.fr\/index.php\/politique-de-confidentialite\/","title":{"rendered":"Politique de confidentialit\u00e9"},"content":{"rendered":"\n<p>Politique de confidentialit\u00e9 pour Onestreet.fr<\/p>\n\n\n\n<p>Cette politique de confidentialit\u00e9 d\u00e9crit comment Onestreet.fr, propri\u00e9t\u00e9 de Adil BEL HADJ, r\u00e9sidant au 24 Rue Agn\u00e8s SOREL 18000 BOURGES, recueille, utilise et prot\u00e8ge les informations personnelles que vous nous fournissez lors de votre utilisation de notre site web.<\/p>\n\n\n\n<p>Collecte d&rsquo;informations personnelles<\/p>\n\n\n\n<p>Lorsque vous utilisez notre site web, nous pouvons recueillir les informations personnelles suivantes :<\/p>\n\n\n\n<ul><li>Votre nom et pr\u00e9nom<\/li><li>Votre adresse e-mail<\/li><li>Votre adresse postale<\/li><li>Votre num\u00e9ro de t\u00e9l\u00e9phone<\/li><li>Les informations que vous fournissez dans vos correspondances avec nous<\/li><\/ul>\n\n\n\n<p>Utilisation des informations personnelles<\/p>\n\n\n\n<p>Nous utilisons les informations personnelles que vous nous fournissez pour :<\/p>\n\n\n\n<ul><li>Vous fournir les services que vous demandez<\/li><li>Vous envoyer des communications marketing sur nos produits et services, si vous y avez consenti<\/li><li>Am\u00e9liorer nos produits et services<\/li><\/ul>\n\n\n\n<p>Protection des informations personnelles<\/p>\n\n\n\n<p>Nous prenons la protection de vos informations personnelles tr\u00e8s au s\u00e9rieux. Nous avons mis en place des mesures de s\u00e9curit\u00e9 pour prot\u00e9ger vos informations contre tout acc\u00e8s, utilisation ou divulgation non autoris\u00e9e.<\/p>\n\n\n\n<p>Divulgation des informations personnelles<\/p>\n\n\n\n<p>Nous ne vendons ni ne louons vos informations personnelles \u00e0 des tiers. Nous pouvons divulguer vos informations personnelles \u00e0 des tiers si nous sommes tenus de le faire par la loi ou si cela est n\u00e9cessaire pour prot\u00e9ger nos droits ou notre propri\u00e9t\u00e9.<\/p>\n\n\n\n<p>Vos droits<\/p>\n\n\n\n<p>Vous avez le droit d&rsquo;acc\u00e9der \u00e0 vos informations personnelles et de les rectifier si elles sont inexactes ou incompl\u00e8tes. Vous avez \u00e9galement le droit de demander la suppression de vos informations personnelles, sous r\u00e9serve de certaines exceptions pr\u00e9vues par la loi.<\/p>\n\n\n\n<p>Contactez-nous<\/p>\n\n\n\n<p>Si vous avez des questions sur notre politique de confidentialit\u00e9, ou si vous souhaitez exercer vos droits en mati\u00e8re de protection des donn\u00e9es, veuillez nous contacter \u00e0 l&rsquo;adresse suivante :<\/p>\n\n\n\n<p>ONESTREET.FR <br>24 Rue Agn\u00e8s SOREL 18000 BOURGES <\/p>\n\n\n\n<p>Nous nous engageons \u00e0 r\u00e9pondre \u00e0 vos demandes dans les meilleurs d\u00e9lais et \u00e0 r\u00e9soudre tout probl\u00e8me que vous pourriez avoir avec notre politique de confidentialit\u00e9.<\/p>\n\n\n\n<p>L&rsquo;\u00e9quipe ONESTREET.FR<\/p>\n","protected":false},"excerpt":{"rendered":"<p>Politique de confidentialit\u00e9 pour Onestreet.fr Cette politique de confidentialit\u00e9 d\u00e9crit comment Onestreet.fr, propri\u00e9t\u00e9 de Adil BEL HADJ, r\u00e9sidant au 24 Rue Agn\u00e8s SOREL 18000 BOURGES, recueille, utilise et prot\u00e8ge les informations personnelles que vous nous fournissez lors de votre utilisation de notre site web. Collecte d&rsquo;informations personnelles Lorsque vous utilisez notre site web, nous pouvons [&hellip;]<\/p>\n","protected":false},"author":1,"featured_media":0,"parent":0,"menu_order":0,"comment_status":"closed","ping_status":"open","template":"","meta":{"_et_pb_use_builder":"","_et_pb_old_content":"","_et_gb_content_width":"","spay_email":""},"_links":{"self":[{"href":"https:\/\/onestreet.fr\/index.php\/wp-json\/wp\/v2\/pages\/3"}],"collection":[{"href":"https:\/\/onestreet.fr\/index.php\/wp-json\/wp\/v2\/pages"}],"about":[{"href":"https:\/\/onestreet.fr\/index.php\/wp-json\/wp\/v2\/types\/page"}],"author":[{"embeddable":true,"href":"https:\/\/onestreet.fr\/index.php\/wp-json\/wp\/v2\/users\/1"}],"replies":[{"embeddable":true,"href":"https:\/\/onestreet.fr\/index.php\/wp-json\/wp\/v2\/comments?post=3"}],"version-history":[{"count":1,"href":"https:\/\/onestreet.fr\/index.php\/wp-json\/wp\/v2\/pages\/3\/revisions"}],"predecessor-version":[{"id":3208,"href":"https:\/\/onestreet.fr\/index.php\/wp-json\/wp\/v2\/pages\/3\/revisions\/3208"}],"wp:attachment":[{"href":"https:\/\/onestreet.fr\/index.php\/wp-json\/wp\/v2\/media?parent=3"}],"curies":[{"name":"wp","href":"https:\/\/api.w.org\/{rel}","templated":true}]}}